{"id":11,"date":"2025-11-08T13:09:33","date_gmt":"2025-11-08T13:09:33","guid":{"rendered":"https:\/\/gestionenergeticahogares.es\/?page_id=11"},"modified":"2025-11-08T13:14:47","modified_gmt":"2025-11-08T13:14:47","slug":"bienvenido","status":"publish","type":"page","link":"https:\/\/gestionenergeticahogares.es\/","title":{"rendered":"Bienvenido"},"content":{"rendered":"<div>\n\n\t<section class=\"section\" id=\"section_689482387\">\n\t\t<div class=\"section-bg fill\" >\n\t\t\t\t\t\t\t\t\t<div class=\"section-bg-overlay absolute fill\"><\/div>\n\t\t\t\n\n\t\t<\/div>\n\n\t\t\n\n\t\t<div class=\"section-content relative\">\n\t\t\t\n<\/div>\n<div>\n<div class=\"row align-middle align-center\"  id=\"row-1407240574\">\n<\/div>\n<div>\n\n\t<div id=\"col-1822707364\" class=\"col medium-8 small-12 large-8\"  >\n\t\t\t\t<div class=\"col-inner text-center\"  >\n\t\t\t\n\t\t\t\n\t<div id=\"text-302632032\" class=\"text\">\n\t\t\n<div>\u00a0<\/div>\n<div>Gestor\u00eda Energ\u00e9tica en Colmenarejo<\/div>\n<div>Ahorra en tu factura de luz y gas con nuestro estudio gratuito de ahorro energ\u00e9tico.<\/div>\n<div>Colaboramos con las principales compa\u00f1\u00edas el\u00e9ctricas y de gas en Espa\u00f1a.<\/div>\n<div>\u00a0<\/div>\n<div>\u00a0<\/div>\n\t\t\n<style>\n#text-302632032 {\n  color: rgb(68, 96, 132);\n}\n#text-302632032 > * {\n  color: rgb(68, 96, 132);\n}\n<\/style>\n\t<\/div>\n\t\n<a href=\"\/contacto\" class=\"button primary is-gradient is-large\"  >\n\t\t<span>Solicitar estudio gratuito<\/span>\n\t<\/a>\n\n<\/div>\n<div><\/div>\n<div>\n\t\t<\/div>\n\t\t\t\t\t<\/div>\n\n\t\n<\/p><\/div>\n<div>\n<\/div>\n<\/p><\/div>\n<div>\n\t\t<\/div>\n\n\t\t\n<style>\n#section_689482387 {\n  padding-top: 150px 0;\n  padding-bottom: 150px 0;\n  background-color: rgb(255,255,255);\n}\n#section_689482387 .section-bg-overlay {\n  background-color: rgba(0,0,0,0.55);\n}\n<\/style>\n\t<\/section>\n\t\n<\/p><\/div>\n<div><\/div>\n<div>\n\n\t<section class=\"section\" id=\"section_846390028\">\n\t\t<div class=\"section-bg fill\" >\n\t\t\t\t\t\t\t\t\t\n\t\t\t\n\n\t\t<\/div>\n\n\t\t\n\n\t\t<div class=\"section-content relative\">\n\t\t\t\n<\/div>\n<div>\n<div class=\"row align-center\"  id=\"row-1469648208\">\n<\/div>\n<div>\n\n\t<div id=\"col-284840790\" class=\"col medium-10 small-12 large-10\"  >\n\t\t\t\t<div class=\"col-inner text-center\"  >\n\t\t\t\n\t\t\t\n<\/div>\n<div><\/div>\n<div>&lt;h2 style=\u00bbfont-size:32px;\u00bb&gt;Ahorra cada mes con nuestra gestor\u00eda energ\u00e9tica&lt;\/h2&gt;<\/div>\n<div>&lt;p style=\u00bbfont-size:18px; color:#555;\u00bb&gt;En &lt;strong&gt;Gesti\u00f3n Energ\u00e9tica Hogares&lt;\/strong&gt; ayudamos a familias y negocios de Colmenarejo a pagar menos en sus facturas de energ\u00eda. Nuestro servicio es 100 % independiente y trabaja con las compa\u00f1\u00edas m\u00e1s prestigiosas del pa\u00eds.&lt;\/p&gt;<\/div>\n<div><\/div>\n<div>\n\t<div class=\"img has-hover x md-x lg-x y md-y lg-y\" id=\"image_2077252730\">\n\t\t\t\t\t\t\t\t<div class=\"img-inner dark\" >\n\t\t\t<img decoding=\"async\" src=\"http:\/\/energia-hogar.jpg\" alt=\"\"\/>\t\t\t\t\t\t\n\t\t\t\t\t<\/div>\n\t\t\t\t\t\t\t\t\n<style>\n#image_2077252730 {\n  width: 60%;\n}\n<\/style>\n\t<\/div>\n\t\n<\/div>\n<div><\/div>\n<div>\n\t\t<\/div>\n\t\t\t\t\t<\/div>\n\n\t\n<\/p><\/div>\n<div>\n<\/div>\n<\/p><\/div>\n<div>\n\t\t<\/div>\n\n\t\t\n<style>\n#section_846390028 {\n  padding-top: 60px 0;\n  padding-bottom: 60px 0;\n  background-color: #ffffff;\n}\n<\/style>\n\t<\/section>\n\t\n<\/p><\/div>\n<div><\/div>\n<div>\n\n\t<section class=\"section\" id=\"section_746808254\">\n\t\t<div class=\"section-bg fill\" >\n\t\t\t\t\t\t\t\t\t\n\t\t\t\n\n\t\t<\/div>\n\n\t\t\n\n\t\t<div class=\"section-content relative\">\n\t\t\t\n<\/div>\n<div>\n<div class=\"row row-large align-center row-divided\"  id=\"row-608593293\">\n<\/div>\n<div><\/div>\n<div>\n\n\t<div id=\"col-1336235026\" class=\"col medium-4 small-12 large-4\"  >\n\t\t\t\t<div class=\"col-inner text-center\"  >\n\t\t\t\n\t\t\t\n<\/div>\n<div>[icon_box icon=\u00bbbolt\u00bb icon_color=\u00bb#FFD700&#8243; icon_size=\u00bb48&#8243;]<\/div>\n<div>&lt;h3&gt;Ahorro Garantizado&lt;\/h3&gt;<\/div>\n<div>&lt;p&gt;Reducimos el precio de tu kWh de luz y gas gracias a acuerdos con las principales compa\u00f1\u00edas energ\u00e9ticas de Espa\u00f1a.&lt;\/p&gt;<\/div>\n<div>[\/icon_box]<\/div>\n<div>\n\t\t<\/div>\n\t\t\t\t\t<\/div>\n\n\t\n<\/p><\/div>\n<div><\/div>\n<div>\n\n\t<div id=\"col-721005386\" class=\"col medium-4 small-12 large-4\"  >\n\t\t\t\t<div class=\"col-inner text-center\"  >\n\t\t\t\n\t\t\t\n<\/div>\n<div>[icon_box icon=\u00bbbar-chart\u00bb icon_color=\u00bb#28a745&#8243; icon_size=\u00bb48&#8243;]<\/div>\n<div>&lt;h3&gt;Estudio Gratuito&lt;\/h3&gt;<\/div>\n<div>&lt;p&gt;Analizamos tu factura sin coste ni compromiso. Te mostramos cu\u00e1nto puedes ahorrar en minutos.&lt;\/p&gt;<\/div>\n<div>[\/icon_box]<\/div>\n<div>\n\t\t<\/div>\n\t\t\t\t\t<\/div>\n\n\t\n<\/p><\/div>\n<div><\/div>\n<div>\n\n\t<div id=\"col-1393586877\" class=\"col medium-4 small-12 large-4\"  >\n\t\t\t\t<div class=\"col-inner text-center\"  >\n\t\t\t\n\t\t\t\n<\/div>\n<div>[icon_box icon=\u00bbshield\u00bb icon_color=\u00bb#007bff\u00bb icon_size=\u00bb48&#8243;]<\/div>\n<div>&lt;h3&gt;Asesoramiento Profesional&lt;\/h3&gt;<\/div>\n<div>&lt;p&gt;Un gestor energ\u00e9tico personal te guiar\u00e1 para contratar la mejor tarifa seg\u00fan tu consumo y necesidades.&lt;\/p&gt;<\/div>\n<div>[\/icon_box]<\/div>\n<div>\n\t\t<\/div>\n\t\t\t\t\t<\/div>\n\n\t\n<\/p><\/div>\n<div><\/div>\n<div>\n<\/div>\n<\/p><\/div>\n<div>\n\t\t<\/div>\n\n\t\t\n<style>\n#section_746808254 {\n  padding-top: 70px 0;\n  padding-bottom: 70px 0;\n  background-color: #f8f9fa;\n}\n<\/style>\n\t<\/section>\n\t\n<\/p><\/div>\n<div><\/div>\n<div>\n\n\t<section class=\"section\" id=\"section_1383135892\">\n\t\t<div class=\"section-bg fill\" >\n\t\t\t\t\t\t\t\t\t\n\t\t\t\n\n\t\t<\/div>\n\n\t\t\n\n\t\t<div class=\"section-content relative\">\n\t\t\t\n<\/div>\n<div>\n<div class=\"row align-middle\"  id=\"row-1800806058\">\n<\/div>\n<div>\n\n\t<div id=\"col-1166751333\" class=\"col medium-6 small-12 large-6\"  >\n\t\t\t\t<div class=\"col-inner\"  >\n\t\t\t\n\t\t\t\n<\/div>\n<div><\/div>\n<div>&lt;h2&gt;\u00bfC\u00f3mo funciona nuestro servicio?&lt;\/h2&gt;<\/div>\n<div>&lt;ul style=\u00bbfont-size:17px; color:#555; line-height:1.8;\u00bb&gt;<\/div>\n<div>&lt;li&gt;&lt;strong&gt;1. Env\u00eda tu factura actual&lt;\/strong&gt; \u2013 Nos encargamos de analizarla sin compromiso.&lt;\/li&gt;<\/div>\n<div>&lt;li&gt;&lt;strong&gt;2. Comparamos tarifas&lt;\/strong&gt; \u2013 Buscamos entre las compa\u00f1\u00edas l\u00edderes el precio m\u00e1s bajo.&lt;\/li&gt;<\/div>\n<div>&lt;li&gt;&lt;strong&gt;3. Te mostramos el ahorro real&lt;\/strong&gt; \u2013 Con un informe claro y transparente.&lt;\/li&gt;<\/div>\n<div>&lt;li&gt;&lt;strong&gt;4. T\u00fa decides&lt;\/strong&gt; \u2013 Si te interesa, gestionamos el cambio por ti.&lt;\/li&gt;<\/div>\n<div>&lt;\/ul&gt;<\/div>\n<div><\/div>\n<div>\n<a href=\"\/contacto\" class=\"button primary is-gradient\"  >\n\t\t<span>Solicitar estudio gratuito<\/span>\n\t<\/a>\n\n<\/div>\n<div><\/div>\n<div>\n\t\t<\/div>\n\t\t\t\t\t<\/div>\n\n\t\n<\/p><\/div>\n<div><\/div>\n<div>\n\n\t<div id=\"col-579093560\" class=\"col medium-6 small-12 large-6\"  >\n\t\t\t\t<div class=\"col-inner\"  >\n\t\t\t\n\t\t\t\n<\/div>\n<div>\n\t<div class=\"img has-hover x md-x lg-x y md-y lg-y\" id=\"image_1366667540\">\n\t\t\t\t\t\t\t\t<div class=\"img-inner dark\" >\n\t\t\t<img decoding=\"async\" src=\"http:\/\/comparativa-energia.jpg\" alt=\"\"\/>\t\t\t\t\t\t\n\t\t\t\t\t<\/div>\n\t\t\t\t\t\t\t\t\n<style>\n#image_1366667540 {\n  width: 100%;\n}\n<\/style>\n\t<\/div>\n\t\n<\/div>\n<div>\n\t\t<\/div>\n\t\t\t\t\t<\/div>\n\n\t\n<\/p><\/div>\n<div>\n<\/div>\n<\/p><\/div>\n<div>\n\t\t<\/div>\n\n\t\t\n<style>\n#section_1383135892 {\n  padding-top: 80px 0;\n  padding-bottom: 80px 0;\n  background-color: #ffffff;\n}\n<\/style>\n\t<\/section>\n\t\n<\/p><\/div>\n<div><\/div>\n<div>\n\n\t<section class=\"section\" id=\"section_609944907\">\n\t\t<div class=\"section-bg fill\" >\n\t\t\t\t\t\t\t\t\t\n\t\t\t\n\n\t\t<\/div>\n\n\t\t\n\n\t\t<div class=\"section-content relative\">\n\t\t\t\n<\/div>\n<div>\n<div class=\"row align-center\"  id=\"row-1657027137\">\n<\/div>\n<div>\n\n\t<div id=\"col-1822632075\" class=\"col medium-8 small-12 large-8\"  >\n\t\t\t\t<div class=\"col-inner text-center\"  >\n\t\t\t\n\t\t\t\n<\/div>\n<div><\/div>\n<div>&lt;h2 style=\u00bbcolor:#fff;\u00bb&gt;Empieza a ahorrar hoy&lt;\/h2&gt;<\/div>\n<div>&lt;p style=\u00bbfont-size:18px; color:#fff;\u00bb&gt;Miles de hogares ya est\u00e1n pagando menos en su factura de luz y gas. Pide tu &lt;strong&gt;estudio gratuito&lt;\/strong&gt; y descubre cu\u00e1nto puedes ahorrar en Colmenarejo.&lt;\/p&gt;<\/div>\n<div><\/div>\n<div>\n<a href=\"\/contacto\" class=\"button white is-outline\"  >\n\t\t<span>Solicitar estudio gratuito<\/span>\n\t<\/a>\n\n<\/div>\n<div><\/div>\n<div>\n\t\t<\/div>\n\t\t\t\t\t<\/div>\n\n\t\n<\/p><\/div>\n<div>\n<\/div>\n<\/p><\/div>\n<div>\n\t\t<\/div>\n\n\t\t\n<style>\n#section_609944907 {\n  padding-top: 80px 0;\n  padding-bottom: 80px 0;\n  background-color: #28a745;\n}\n<\/style>\n\t<\/section>\n\t\n<\/p><\/div>\n<div><\/div>\n<div>\n\n\t<section class=\"section\" id=\"section_233207511\">\n\t\t<div class=\"section-bg fill\" >\n\t\t\t\t\t\t\t\t\t\n\t\t\t\n\n\t\t<\/div>\n\n\t\t\n\n\t\t<div class=\"section-content relative\">\n\t\t\t\n<\/div>\n<div>\n<div class=\"row align-center\"  id=\"row-847991702\">\n<\/div>\n<div>\n\n\t<div id=\"col-272655682\" class=\"col medium-10 small-12 large-10\"  >\n\t\t\t\t<div class=\"col-inner text-center\"  >\n\t\t\t\n\t\t\t\n<\/div>\n<div><\/div>\n<div>&lt;h2&gt;Colaboramos con las principales compa\u00f1\u00edas energ\u00e9ticas&lt;\/h2&gt;<\/div>\n<div>&lt;p style=\u00bbcolor:#555;\u00bb&gt;Trabajamos de forma directa con las compa\u00f1\u00edas m\u00e1s reconocidas de Espa\u00f1a para garantizarte siempre las mejores tarifas disponibles.&lt;\/p&gt;<\/div>\n<div><\/div>\n<div>\n\t<div class=\"img has-hover x md-x lg-x y md-y lg-y\" id=\"image_1991840876\">\n\t\t\t\t\t\t\t\t<div class=\"img-inner dark\" >\n\t\t\t<img decoding=\"async\" src=\"http:\/\/logos-empresas-energia.jpg\" alt=\"\"\/>\t\t\t\t\t\t\n\t\t\t\t\t<\/div>\n\t\t\t\t\t\t\t\t\n<style>\n#image_1991840876 {\n  width: 100%;\n}\n<\/style>\n\t<\/div>\n\t\n<\/div>\n<div><\/div>\n<div>\n\t\t<\/div>\n\t\t\t\t\t<\/div>\n\n\t\n<\/p><\/div>\n<div>\n<\/div>\n<\/p><\/div>\n<div>\n\t\t<\/div>\n\n\t\t\n<style>\n#section_233207511 {\n  padding-top: 60px 0;\n  padding-bottom: 60px 0;\n  background-color: #ffffff;\n}\n<\/style>\n\t<\/section>\n\t\n<\/p><\/div>\n<div><\/div>\n<div>\n<div class=\"message-box relative dark\" style=\"padding-top:40pxpx;padding-bottom:40pxpx;\"><div class=\"message-box-bg-image bg-fill fill\" ><\/div><div class=\"message-box-bg-overlay bg-fill fill\" style=\"background-color:#f0f8ff;\"><\/div><div class=\"container relative\"><div class=\"inner last-reset\">\n<\/div>\n<div>\n<div class=\"row align-middle\"  id=\"row-1008277805\">\n<\/div>\n<div>\n\n\t<div id=\"col-464284075\" class=\"col medium-8 small-12 large-8\"  >\n\t\t\t\t<div class=\"col-inner\"  >\n\t\t\t\n\t\t\t\n<\/div>\n<div><\/div>\n<div>&lt;h3&gt;Solicita tu estudio gratuito de ahorro energ\u00e9tico&lt;\/h3&gt;<\/div>\n<div>&lt;p&gt;Env\u00edanos tu factura actual y te diremos cu\u00e1nto puedes ahorrar en luz y gas. Servicio gratuito, r\u00e1pido y sin compromiso.&lt;\/p&gt;<\/div>\n<div><\/div>\n<div>\n\t\t<\/div>\n\t\t\t\t\t<\/div>\n\n\t\n<\/p><\/div>\n<div>\n\n\t<div id=\"col-1558092181\" class=\"col medium-4 small-12 large-4\"  >\n\t\t\t\t<div class=\"col-inner text-right\"  >\n\t\t\t\n\t\t\t\n<\/div>\n<div>\n<a href=\"\/contacto\" class=\"button primary is-gradient is-large\"  >\n\t\t<span>Solicitar ahora<\/span>\n\t<\/a>\n\n<\/div>\n<div>\n\t\t<\/div>\n\t\t\t\t\t<\/div>\n\n\t\n<\/p><\/div>\n<div>\n<\/div>\n<\/p><\/div>\n<div>\n<\/div><\/div><\/div>\n<\/p><\/div>\n","protected":false},"excerpt":{"rendered":"","protected":false},"author":1,"featured_media":0,"parent":0,"menu_order":0,"comment_status":"closed","ping_status":"closed","template":"","meta":{"footnotes":""},"class_list":["post-11","page","type-page","status-publish","hentry"],"_links":{"self":[{"href":"https:\/\/gestionenergeticahogares.es\/index.php\/wp-json\/wp\/v2\/pages\/11","targetHints":{"allow":["GET"]}}],"collection":[{"href":"https:\/\/gestionenergeticahogares.es\/index.php\/wp-json\/wp\/v2\/pages"}],"about":[{"href":"https:\/\/gestionenergeticahogares.es\/index.php\/wp-json\/wp\/v2\/types\/page"}],"author":[{"embeddable":true,"href":"https:\/\/gestionenergeticahogares.es\/index.php\/wp-json\/wp\/v2\/users\/1"}],"replies":[{"embeddable":true,"href":"https:\/\/gestionenergeticahogares.es\/index.php\/wp-json\/wp\/v2\/comments?post=11"}],"version-history":[{"count":3,"href":"https:\/\/gestionenergeticahogares.es\/index.php\/wp-json\/wp\/v2\/pages\/11\/revisions"}],"predecessor-version":[{"id":16,"href":"https:\/\/gestionenergeticahogares.es\/index.php\/wp-json\/wp\/v2\/pages\/11\/revisions\/16"}],"wp:attachment":[{"href":"https:\/\/gestionenergeticahogares.es\/index.php\/wp-json\/wp\/v2\/media?parent=11"}],"curies":[{"name":"wp","href":"https:\/\/api.w.org\/{rel}","templated":true}]}}